{"id":7353,"date":"2022-08-13T08:01:03","date_gmt":"2022-08-13T08:01:03","guid":{"rendered":"http:www.bruce.kg\/?page_id=7353"},"modified":"2024-05-28T21:08:31","modified_gmt":"2024-05-28T21:08:31","slug":"cok-igneli-kollu-duz-zincir-dikis-makineleri","status":"publish","type":"page","link":"https:\/\/www.bruce.kg\/tr_TR\/tum-urunler\/cok-igneli-kollu-duz-zincir-dikis-makineleri\/","title":{"rendered":"\u00c7ok \u0130\u011fneli - Kollu - D\u00fcz Zincir Diki\u015f Makineleri"},"content":{"rendered":"<p>[vc_row][vc_column][stm_works style=&#8221;grid_with_filter&#8221; cols=&#8221;4&#8243; works_categories=&#8221;cok-igneli-kollu-duz-zincir-dikis-makineleri&#8221;][\/vc_column][\/vc_row]<\/p>\n","protected":false},"excerpt":{"rendered":"<p>[vc_row][vc_column][stm_works style=&#8221;grid_with_filter&#8221; cols=&#8221;4&#8243; works_categories=&#8221;cok-igneli-kollu-duz-zincir-dikis-makineleri&#8221;][\/vc_column][\/vc_row]<\/p>\n<p>&#8230;<\/p>\n","protected":false},"author":1,"featured_media":0,"parent":614,"menu_order":0,"comment_status":"closed","ping_status":"closed","template":"","meta":{"footnotes":""},"class_list":["post-7353","page","type-page","status-publish","hentry"],"_links":{"self":[{"href":"https:\/\/www.bruce.kg\/tr_TR\/wp-json\/wp\/v2\/pages\/7353","targetHints":{"allow":["GET"]}}],"collection":[{"href":"https:\/\/www.bruce.kg\/tr_TR\/wp-json\/wp\/v2\/pages"}],"about":[{"href":"https:\/\/www.bruce.kg\/tr_TR\/wp-json\/wp\/v2\/types\/page"}],"author":[{"embeddable":true,"href":"https:\/\/www.bruce.kg\/tr_TR\/wp-json\/wp\/v2\/users\/1"}],"replies":[{"embeddable":true,"href":"https:\/\/www.bruce.kg\/tr_TR\/wp-json\/wp\/v2\/comments?post=7353"}],"version-history":[{"count":1,"href":"https:\/\/www.bruce.kg\/tr_TR\/wp-json\/wp\/v2\/pages\/7353\/revisions"}],"predecessor-version":[{"id":7542,"href":"https:\/\/www.bruce.kg\/tr_TR\/wp-json\/wp\/v2\/pages\/7353\/revisions\/7542"}],"up":[{"embeddable":true,"href":"https:\/\/www.bruce.kg\/tr_TR\/wp-json\/wp\/v2\/pages\/614"}],"wp:attachment":[{"href":"https:\/\/www.bruce.kg\/tr_TR\/wp-json\/wp\/v2\/media?parent=7353"}],"curies":[{"name":"wp","href":"https:\/\/api.w.org\/{rel}","templated":true}]}}