{"id":7272,"date":"2022-08-06T16:10:34","date_gmt":"2022-08-06T16:10:34","guid":{"rendered":"http:www.bruce.kg\/?page_id=7272"},"modified":"2024-05-30T13:10:52","modified_gmt":"2024-05-30T13:10:52","slug":"duz-ve-cift-igneli-dikis-makineleri","status":"publish","type":"page","link":"https:\/\/www.bruce.kg\/tr_TR\/tum-urunler\/duz-ve-cift-igneli-dikis-makineleri\/","title":{"rendered":"D\u00fcz ve \u00c7ift \u0130\u011fneli diki\u015f Makineleri"},"content":{"rendered":"<p>[vc_row][vc_column][stm_works style=&#8221;grid_with_filter&#8221; cols=&#8221;4&#8243; works_categories=&#8221;duz-ve-cift-igneli-dikis-makineleri&#8221;][\/vc_column][\/vc_row]<\/p>\n","protected":false},"excerpt":{"rendered":"<p>[vc_row][vc_column][stm_works style=&#8221;grid_with_filter&#8221; cols=&#8221;4&#8243; works_categories=&#8221;duz-ve-cift-igneli-dikis-makineleri&#8221;][\/vc_column][\/vc_row]&#8230;<\/p>\n","protected":false},"author":1,"featured_media":0,"parent":614,"menu_order":0,"comment_status":"closed","ping_status":"closed","template":"","meta":{"footnotes":""},"class_list":["post-7272","page","type-page","status-publish","hentry"],"_links":{"self":[{"href":"https:\/\/www.bruce.kg\/tr_TR\/wp-json\/wp\/v2\/pages\/7272","targetHints":{"allow":["GET"]}}],"collection":[{"href":"https:\/\/www.bruce.kg\/tr_TR\/wp-json\/wp\/v2\/pages"}],"about":[{"href":"https:\/\/www.bruce.kg\/tr_TR\/wp-json\/wp\/v2\/types\/page"}],"author":[{"embeddable":true,"href":"https:\/\/www.bruce.kg\/tr_TR\/wp-json\/wp\/v2\/users\/1"}],"replies":[{"embeddable":true,"href":"https:\/\/www.bruce.kg\/tr_TR\/wp-json\/wp\/v2\/comments?post=7272"}],"version-history":[{"count":2,"href":"https:\/\/www.bruce.kg\/tr_TR\/wp-json\/wp\/v2\/pages\/7272\/revisions"}],"predecessor-version":[{"id":7551,"href":"https:\/\/www.bruce.kg\/tr_TR\/wp-json\/wp\/v2\/pages\/7272\/revisions\/7551"}],"up":[{"embeddable":true,"href":"https:\/\/www.bruce.kg\/tr_TR\/wp-json\/wp\/v2\/pages\/614"}],"wp:attachment":[{"href":"https:\/\/www.bruce.kg\/tr_TR\/wp-json\/wp\/v2\/media?parent=7272"}],"curies":[{"name":"wp","href":"https:\/\/api.w.org\/{rel}","templated":true}]}}