{"id":1071,"date":"2015-12-14T07:14:55","date_gmt":"2015-12-14T07:14:55","guid":{"rendered":"http:\/\/consulting.stylemixthemes.com\/?page_id=2"},"modified":"2024-05-28T17:28:15","modified_gmt":"2024-05-28T17:28:15","slug":"bruce-makina-sanayi-ve-dis-ticaret-limited-sirketi","status":"publish","type":"page","link":"https:\/\/www.bruce.kg\/tr_TR\/","title":{"rendered":"Anasayfa"},"content":{"rendered":"<p>[vc_row][vc_column][rev_slider_vc alias=&#8221;highlight-carousel7-1&#8243;][\/vc_column][\/vc_row][vc_row css=&#8221;.vc_custom_1662239469851{margin-top: 0px !important;padding-top: 5px !important;padding-right: 0px !important;padding-bottom: 100px !important;padding-left: 0px !important;}&#8221;][vc_column][vc_empty_space height=&#8221;0&#8243; el_id=&#8221;products&#8221;][vc_custom_heading icon_size=&#8221;40&#8243; icon_pos=&#8221;top&#8221; stm_title_font_weight=&#8221;300&#8243; text=&#8221;\u00dcr\u00fcnlerimiz&#8221; font_container=&#8221;tag:h3|text_align:center&#8221; google_fonts=&#8221;font_family:ABeeZee%3Aregular%2Citalic|font_style:400%20regular%3A400%3Anormal&#8221; css_animation=&#8221;bounceInUp&#8221; css=&#8221;.vc_custom_1715249793606{margin-top: 100px !important;}&#8221;][stm_works style=&#8221;grid_with_carousel&#8221; loop=&#8221;1&#8243; autoplay=&#8221;1,yes&#8221; dots=&#8221;1&#8243; nav=&#8221;1&#8243;][\/vc_column][\/vc_row][vc_row full_width=&#8221;stretch_row&#8221; disable_element=&#8221;yes&#8221; css=&#8221;.vc_custom_1660319865821{padding-top: 50px !important;background-color: #eeee22 !important;}&#8221; el_id=&#8221;myRow&#8221;][vc_column width=&#8221;1\/2&#8243;][vc_custom_heading stripe_pos=&#8221;hide&#8221; stm_title_font_weight=&#8221;100&#8243; text=&#8221;Bruce Makina hakk\u0131nda&#8221; use_theme_fonts=&#8221;yes&#8221;][vc_column_text]Technologies are advancing. In this transformative era, industrial sewing machines are evolving rapidly. Through continuous growth and evolution, when facing strong challenges, Bruce Makina always Keep the faith. From taking orders, manufacturing, and shipping, we keep our eyes on the details of every step, to provide the best products and services for our customers.[\/vc_column_text][stm_spacing lg_spacing=&#8221;80&#8243; md_spacing=&#8221;70&#8243; sm_spacing=&#8221;40&#8243; xs_spacing=&#8221;40&#8243;][\/vc_column][vc_column width=&#8221;1\/2&#8243;][vc_custom_heading stripe_pos=&#8221;hide&#8221; text=&#8221;Frequently Asked Questions&#8221; use_theme_fonts=&#8221;yes&#8221;][vc_tta_accordion style=&#8221;modern&#8221; active_section=&#8221;1&#8243;][vc_tta_section title=&#8221;What does Consulting WP do?&#8221; tab_id=&#8221;1583987527590-88e2e1d5-e8fb&#8221;][vc_column_text]Cray woke kitsch, hammock vaporware 8-bit prism craft beer health goth four dollar toast. Lyft before they sold out narwhal enamel pin gluten-free edison bulb squid tbh drinking vinegar actually readymade.[\/vc_column_text][\/vc_tta_section][vc_tta_section title=&#8221;Strategic Plan Execution Management&#8221; tab_id=&#8221;1583987572506-1d2b5463-158e&#8221;][vc_column_text]Cray woke kitsch, hammock vaporware 8-bit prism craft beer health goth four dollar toast. Lyft before they sold out narwhal enamel pin gluten-free edison bulb squid tbh drinking vinegar actually readymade.[\/vc_column_text][\/vc_tta_section][vc_tta_section title=&#8221;Who is responsible for financial performance?&#8221; tab_id=&#8221;1583987571368-85271e81-34f9&#8243;][vc_column_text]Cray woke kitsch, hammock vaporware 8-bit prism craft beer health goth four dollar toast. Lyft before they sold out narwhal enamel pin gluten-free edison bulb squid tbh drinking vinegar actually readymade.[\/vc_column_text][\/vc_tta_section][vc_tta_section title=&#8221;Can you help us raise money?&#8221; tab_id=&#8221;1583987570218-f9b099fd-0bb4&#8243;][vc_column_text]Cray woke kitsch, hammock vaporware 8-bit prism craft beer health goth four dollar toast. Lyft before they sold out narwhal enamel pin gluten-free edison bulb squid tbh drinking vinegar actually readymade.[\/vc_column_text][\/vc_tta_section][\/vc_tta_accordion][stm_spacing lg_spacing=&#8221;80&#8243; md_spacing=&#8221;70&#8243; sm_spacing=&#8221;60&#8243; xs_spacing=&#8221;50&#8243;][\/vc_column][\/vc_row][vc_row full_width=&#8221;stretch_row&#8221; css=&#8221;.vc_custom_1686003642824{background: #dd9933 url(http:\/\/www.bruce.kg\/wp-content\/uploads\/2019\/09\/BG_1.jpg?id=7297) !important;background-position: 0 0 !important;background-repeat: no-repeat !important;}&#8221;][vc_column][stm_spacing lg_spacing=&#8221;95&#8243; md_spacing=&#8221;80&#8243; sm_spacing=&#8221;70&#8243; xs_spacing=&#8221;60&#8243;][vc_custom_heading stripe_pos=&#8221;hide&#8221; text=&#8221;Neden Bruce?&#8221; font_container=&#8221;tag:h2|text_align:center|color:%23000000&#8243; use_theme_fonts=&#8221;yes&#8221;][stm_spacing lg_spacing=&#8221;25&#8243; md_spacing=&#8221;20&#8243; sm_spacing=&#8221;15&#8243; xs_spacing=&#8221;15&#8243;][vc_row_inner][vc_column_inner width=&#8221;1\/3&#8243;][stm_info_box style=&#8221;style_9&#8243; title=&#8221;Uygun Fiyat&#8221; infobox_label=&#8221;01&#8243; css=&#8221;.vc_custom_1715251083974{border-top-width: 1px !important;border-right-width: 1px !important;border-bottom-width: 1px !important;border-left-width: 1px !important;background-color: #eeee22 !important;border-left-color: #f91616 !important;border-right-color: #f91616 !important;border-top-color: #f91616 !important;border-bottom-color: #f91616 !important;}&#8221;]<span style=\"color: #f91616;\">Geni\u015f fiyat aral\u0131\u011f\u0131na sahip \u00fcr\u00fcnler<\/span>[\/stm_info_box][stm_spacing lg_spacing=&#8221;0&#8243; md_spacing=&#8221;0&#8243; sm_spacing=&#8221;0&#8243; xs_spacing=&#8221;30&#8243;][\/vc_column_inner][vc_column_inner width=&#8221;1\/3&#8243;][stm_info_box style=&#8221;style_9&#8243; title=&#8221;Y\u00fcksek Kalite&#8221; css=&#8221;.vc_custom_1715250152799{border-top-width: 1px !important;border-right-width: 1px !important;border-bottom-width: 1px !important;border-left-width: 1px !important;border-left-color: #dd3333 !important;border-left-style: solid !important;border-right-color: #dd3333 !important;border-right-style: solid !important;border-top-color: #dd3333 !important;border-top-style: solid !important;border-bottom-color: #dd3333 !important;border-bottom-style: solid !important;}&#8221; infobox_label=&#8221;02&#8243;]<span style=\"color: #f91616;\">Son teknoloji kullan\u0131lan kaliteli makineler<\/span>[\/stm_info_box][stm_spacing lg_spacing=&#8221;0&#8243; md_spacing=&#8221;0&#8243; sm_spacing=&#8221;0&#8243; xs_spacing=&#8221;30&#8243;][\/vc_column_inner][vc_column_inner width=&#8221;1\/3&#8243;][stm_info_box style=&#8221;style_9&#8243; title=&#8221;Teknik Destek&#8221; infobox_label=&#8221;03&#8243; css=&#8221;.vc_custom_1660319697781{border-top-width: 1px !important;border-right-width: 1px !important;border-bottom-width: 1px !important;border-left-width: 1px !important;border-left-color: #f91616 !important;border-right-color: #f91616 !important;border-top-color: #f91616 !important;border-bottom-color: #f91616 !important;}&#8221;]<span style=\"color: #f91616;\">H\u0131zl\u0131 ve m\u00fckemmel teknik destek<\/span>[\/stm_info_box][stm_spacing lg_spacing=&#8221;110&#8243; md_spacing=&#8221;80&#8243; sm_spacing=&#8221;70&#8243; xs_spacing=&#8221;60&#8243;][\/vc_column_inner][\/vc_row_inner][\/vc_column][\/vc_row][vc_row full_width=&#8221;stretch_row&#8221; parallax=&#8221;content-moving-fade&#8221; parallax_image=&#8221;7173&#8243; css_animation=&#8221;none&#8221; css=&#8221;.vc_custom_1656604629602{background-color: rgba(214,64,104,0.41) !important;*background-color: rgb(214,64,104) !important;}&#8221;][vc_column][\/vc_column][\/vc_row]<\/p>\n","protected":false},"excerpt":{"rendered":"<p>[vc_row][vc_column][rev_slider_vc alias=&#8221;highlight-carousel7-1&#8243;][\/vc_column][\/vc_row][vc_row css=&#8221;.vc_custom_1662239469851{margin-top: 0px !important;padding-top: 5px !important;padding-right: 0px !important;padding-bottom: 100px !important;padding-l&#8230;<\/p>\n","protected":false},"author":1,"featured_media":0,"parent":0,"menu_order":0,"comment_status":"closed","ping_status":"closed","template":"","meta":{"footnotes":""},"class_list":["post-1071","page","type-page","status-publish","hentry"],"_links":{"self":[{"href":"https:\/\/www.bruce.kg\/tr_TR\/wp-json\/wp\/v2\/pages\/1071","targetHints":{"allow":["GET"]}}],"collection":[{"href":"https:\/\/www.bruce.kg\/tr_TR\/wp-json\/wp\/v2\/pages"}],"about":[{"href":"https:\/\/www.bruce.kg\/tr_TR\/wp-json\/wp\/v2\/types\/page"}],"author":[{"embeddable":true,"href":"https:\/\/www.bruce.kg\/tr_TR\/wp-json\/wp\/v2\/users\/1"}],"replies":[{"embeddable":true,"href":"https:\/\/www.bruce.kg\/tr_TR\/wp-json\/wp\/v2\/comments?post=1071"}],"version-history":[{"count":16,"href":"https:\/\/www.bruce.kg\/tr_TR\/wp-json\/wp\/v2\/pages\/1071\/revisions"}],"predecessor-version":[{"id":7539,"href":"https:\/\/www.bruce.kg\/tr_TR\/wp-json\/wp\/v2\/pages\/1071\/revisions\/7539"}],"wp:attachment":[{"href":"https:\/\/www.bruce.kg\/tr_TR\/wp-json\/wp\/v2\/media?parent=1071"}],"curies":[{"name":"wp","href":"https:\/\/api.w.org\/{rel}","templated":true}]}}